{"id":14,"date":"2013-07-04T22:56:20","date_gmt":"2013-07-04T22:56:20","guid":{"rendered":"http:\/\/tempo.institution-saint-pierre.fr\/?page_id=14"},"modified":"2013-07-10T09:41:28","modified_gmt":"2013-07-10T09:41:28","slug":"pastorale","status":"publish","type":"page","link":"http:\/\/tempo.institution-saint-pierre.fr\/?page_id=14","title":{"rendered":"Pastorale"},"content":{"rendered":"<p>L&rsquo;Institution Saint Pierre est un \u00e9tablissement catholique. L&rsquo;\u00e9veil \u00e0 la foi y prend tout naturellement sa place.<\/p>\n<p><img loading=\"lazy\" decoding=\"async\" alt=\"L'Institution Saint Pierre est un \u00e9tablissement Catholique\" src=\"http:\/\/tempo.institution-saint-pierre.fr\/wp-content\/uploads\/2013\/07\/Pastoral_02.jpg\" width=\"300\" height=\"260\" border=\"0\" \/><\/p>\n<p>L&rsquo;\u00e9ducation religieuse est assur\u00e9e par une \u00e9quipe soucieuse de participer au projet \u00e9ducatif de l&rsquo;\u00e9tablissement\u00a0; elle est soutenue dans sa mission par le pr\u00eatre responsable de la paroisse.<\/p>\n<p><span style=\"font-weight: bold;\">Trois axes\u00a0:<\/span><\/p>\n<ul>\n<li>\n<p align=\"left\"><span style=\"font-weight: bold;\">Des c\u00e9l\u00e9brations<\/span> \u00e0 l&rsquo;occasion des grandes dates de l&rsquo;ann\u00e9e liturgique.<\/p>\n<\/li>\n<li>\n<p align=\"left\"><span dir=\"ltr\"><span style=\"font-weight: bold;\">Pr\u00e9paration <\/span>\u00e0 la profession de foi et \u00e0 la confirmation, temps d&rsquo;\u00e9change et de r\u00e9flexion.<\/span><\/p>\n<\/li>\n<li>\n<p align=\"left\"><span style=\"font-weight: bold;\">Participation <\/span>\u00e0 des oe\u009cuvres caritatives.<\/p>\n<\/li>\n<\/ul>\n<p align=\"center\">Agir, dialoguer, prier et c\u00e9l\u00e9brer, c&rsquo;est le souhait de l&rsquo;\u00e9quipe d&rsquo;animation pastorale qui se veut au service de l&rsquo;\u00e9vangile pour l&rsquo;\u00e9panouissement des jeunes.<br \/>\n<img loading=\"lazy\" decoding=\"async\" alt=\"\" src=\"http:\/\/tempo.institution-saint-pierre.fr\/wp-content\/uploads\/2013\/07\/Pastoral_03.jpg\" width=\"705\" height=\"202\" border=\"0\" \/><\/p>\n","protected":false},"excerpt":{"rendered":"<p>L&rsquo;Institution Saint Pierre est un \u00e9tablissement catholique. L&rsquo;\u00e9veil \u00e0 la foi y prend tout naturellement sa place. L&rsquo;\u00e9ducation religieuse est assur\u00e9e par une \u00e9quipe soucieuse de participer au projet \u00e9ducatif de l&rsquo;\u00e9tablissement\u00a0; elle est soutenue dans sa mission par le &hellip; <a href=\"http:\/\/tempo.institution-saint-pierre.fr\/?page_id=14\">Continuer la lecture <span class=\"meta-nav\">&rarr;<\/span><\/a><\/p>\n","protected":false},"author":1,"featured_media":0,"parent":0,"menu_order":0,"comment_status":"closed","ping_status":"closed","template":"","meta":{"footnotes":""},"class_list":["post-14","page","type-page","status-publish","hentry"],"_links":{"self":[{"href":"http:\/\/tempo.institution-saint-pierre.fr\/index.php?rest_route=\/wp\/v2\/pages\/14","targetHints":{"allow":["GET"]}}],"collection":[{"href":"http:\/\/tempo.institution-saint-pierre.fr\/index.php?rest_route=\/wp\/v2\/pages"}],"about":[{"href":"http:\/\/tempo.institution-saint-pierre.fr\/index.php?rest_route=\/wp\/v2\/types\/page"}],"author":[{"embeddable":true,"href":"http:\/\/tempo.institution-saint-pierre.fr\/index.php?rest_route=\/wp\/v2\/users\/1"}],"replies":[{"embeddable":true,"href":"http:\/\/tempo.institution-saint-pierre.fr\/index.php?rest_route=%2Fwp%2Fv2%2Fcomments&post=14"}],"version-history":[{"count":54,"href":"http:\/\/tempo.institution-saint-pierre.fr\/index.php?rest_route=\/wp\/v2\/pages\/14\/revisions"}],"predecessor-version":[{"id":124,"href":"http:\/\/tempo.institution-saint-pierre.fr\/index.php?rest_route=\/wp\/v2\/pages\/14\/revisions\/124"}],"wp:attachment":[{"href":"http:\/\/tempo.institution-saint-pierre.fr\/index.php?rest_route=%2Fwp%2Fv2%2Fmedia&parent=14"}],"curies":[{"name":"wp","href":"https:\/\/api.w.org\/{rel}","templated":true}]}}